{"id":164,"date":"2015-03-17T11:37:32","date_gmt":"2015-03-17T11:37:32","guid":{"rendered":"http:\/\/www.smcm.edu\/ie\/?page_id=164"},"modified":"2026-03-31T17:20:41","modified_gmt":"2026-03-31T17:20:41","slug":"smcm-aifs-in-grenoble-france","status":"publish","type":"page","link":"https:\/\/www.smcm.edu\/ie\/study-abroad\/programs\/europe\/smcm-aifs-in-grenoble-france\/","title":{"rendered":"SMCM-AIFS in Grenoble, France"},"content":{"rendered":"<p><img loading=\"lazy\" decoding=\"async\" class=\"aligncenter size-full wp-image-269\" src=\"https:\/\/www.smcm.edu\/ie\/wp-content\/uploads\/sites\/88\/2015\/03\/grenoble.jpg\" alt=\"grenoble\" width=\"840\" height=\"487\" \/><\/p>\n<div class=\"one-half in-page\">\n<h4>Pre-Requisites<\/h4>\n<ul>\n<li>Minimum GPA: 2.5<\/li>\n<li>Foreign Language: 2 semesters of French with a \u201cB\u201d average or 4 semesters of French with a \u201cB\u201d average<\/li>\n<li>Approval of SMCM French Language Faculty<\/li>\n<li>Judicial Check<\/li>\n<li>Academic Conduct Check<\/li>\n<\/ul>\n<\/div>\n<div class=\"one-half in-page\">\n<h4>Deadlines:<\/h4>\n<ul>\n<li>OPEN NOW! Spring 2027 Estimated Program Dates: Early January to Late April\n<ul>\n<li>SMCM Application Deadline: October 1st for Scholarship Consideration, October 15th Final Deadline on Via TRM<\/li>\n<li>AIFS Application Deadline: Also apply by our deadline on the <a href=\"https:\/\/www.aifsabroad.com\/programs\/study-abroad-grenoble-semester-2\/?session=265592\">AIFS webpage<\/a> for admission<\/li>\n<li>Estimated Fall Deadline: March 1, March 15<\/li>\n<\/ul>\n<\/li>\n<\/ul>\n<\/div>\n<div class=\"clearfix\"><\/div>\n<div class=\"one-half in-page\">\n<h4>Highlights<\/h4>\n<ul>\n<li>Study Abroad in the French Alps<\/li>\n<li>Live with a local family<\/li>\n<li>Volunteer opportunities<\/li>\n<li>Home of the 1968 Winter Olympics<\/li>\n<\/ul>\n<\/div>\n<div class=\"one-half in-page\">\n<h4>Course Equivalencies<\/h4>\n<p><a href=\"https:\/\/www.smcm.edu\/ie\/ways-to-study-abroad\/course-equivalencies\/\" target=\"_blank\" rel=\"noopener\">Start Course Planning Here <\/a><\/p>\n<\/div>\n<h4><\/h4>\n<div class=\"one-half in-page\">\n<h4>Study Abroad Budget<\/h4>\n<p style=\"text-align: left\"><a href=\"https:\/\/docs.google.com\/spreadsheets\/d\/12uIbVWUDXLLTnwcsEFlFUDKD74vjglE8\/edit?usp=drive_web&amp;ouid=111798787772029324148&amp;rtpof=true\" target=\"_blank\" rel=\"noopener noreferrer\">View Estimated Semester Budget<\/a><\/p>\n<p>&nbsp;<\/p>\n<\/div>\n<h4>Financing Studying Abroad<\/h4>\n<p style=\"text-align: left\"><a href=\"https:\/\/www.smcm.edu\/ie\/financial-aid-scholarships\/\" target=\"_blank\" rel=\"noopener\"> Office of International Education Scholarships<\/a>\u00a0(Need-Based, Merit-Based, Region Specific, Language Study)<\/p>\n<p style=\"text-align: left\"><a href=\"https:\/\/www.aifsabroad.com\/scholarships-grants\/\" target=\"_blank\" rel=\"noopener\">AIFS Scholarships<\/a>\u00a0(DEI, Need-Based, Merit-Based, Social Justice, Pell Grant Recipient)<\/p>\n<p style=\"text-align: left\"><a href=\"https:\/\/www.smcm.edu\/ie\/financial-aid-scholarships\/\" target=\"_blank\" rel=\"noopener\">External Scholarships<\/a><\/p>\n<p style=\"text-align: left\"><a href=\"https:\/\/www.smcm.edu\/osfa\/\" target=\"_blank\" rel=\"noopener\">Speak with the Office of Student Financial Assistance for Options<\/a><\/p>\n<div class=\"clearfix\"><\/div>\n<h4>Note: It is difficult for ILC French majors and minors to obtain the needed upper-level credits in the Grenoble programs. Due to this, we do not recommend these programs to majors and minors. \u200b\u200bWe do recommend that all students interested in French programs consult with a French professor before selecting a program to discuss which programs best meet your needs.<\/h4>\n<h4>About the Program<\/h4>\n<p>The SMCM-AIFS in Grenoble Intensive French Language program is designed for students who wish to develop proficiency in the French language. \u00a0Students can spend a semester or academic year in Grenoble, France at the Centre Universitaire d\u2019Etudes Francaises (CUEF), affiliated with the University of Grenoble.<\/p>\n<p>The University of Grenoble was founded in 1339 and now welcomes more than 60,000 students. \u00a0It is one of the most sought after universities in France and has an international reputation for excellence. The University occupies a splendid campus on the outskirts of Grenoble at Saint-Martin-d\u2019H\u00e8res.<\/p>\n<h4>Location<\/h4>\n<p>Located in the French Alps, Grenoble is regularly voted the most student-friendly city in France and is perfect for anyone who loves the outdoors. \u00a0With access to hiking trails, lakes and ski slopes, students can experience the magnificent Alpine vistas and an authentically French culture.<\/p>\n<p>Grenoble\u2019s location also allows you quick and easy access to anywhere in France. From Grenoble, you can be skiing in the upper Alps in an hour and a half, or take the train, the TGV, to Paris or catch connections from Lyon to go hiking in Provence, warm up by the Mediterranean or explore the regions of Burgundy or Champagne.<\/p>\n<h4>Academics<\/h4>\n<p>SMCM students must have completed a minimum of 2 semesters of French language with a \u201cB\u201d average or 4 semesters of French with a \u201cB\u201d average, depending on the level of the program they want to enroll in, in order to participate in the SMCM-AIFS in Grenoble program.<\/p>\n<p>During a semester in Grenoble, students have a couple different program options.<\/p>\n<h4><span style=\"text-decoration: underline\">University of Grenoble &#8211; French Language and Culture Program<\/span><\/h4>\n<p>This program is designed for students with an intermediate or above level of French who wish to improve their language skills and take courses taught in French or English in subjects including art history, business administration, economics, history, literature and political science.<\/p>\n<p>Eligible students must have a minimum of one year of college level French.<\/p>\n<p>Courses are taught at the Centre Universitaire d\u2019\u00c9tudes Fran\u00e7aises (CUEF) at the University of Grenoble School of Language and Letters. All students take a French language course available at Intermediate, Advanced and Superior levels. Your level of French is determined by a placement test taken after arrival in Grenoble. Then choose from electives taught in French or English.<\/p>\n<p>Most electives taught in French carry 2 recommended credits, meet for approximately 21 hours per semester and require a research paper which is equivalent to 10 academic hours of class. Electives taught in English carry a recommended 3 credits, meet for approximately 28 hours per semester and require a research paper which is equivalent to 10 academic hours of class. English electives require a minimum of 10 students to run.<\/p>\n<p>AIFS encourages you to take electives taught in French in order to maximize your learning experience in France and to get the most out of the academic program. The French Vocabulary Enrichment courses are particularly recommended and the Written and Oral Expression course for advanced level students.<\/p>\n<p>The minimum course load is 12 credits and the maximum course load is 16 credits. Students who place into the superior level 401 and who have completed at least three years of college French take a minimum of 2 French Language and Culture program electives taught in French at the CUEF and have the option of taking one class studying alongside French students at the University of Grenoble depending on class schedule and availability.<\/p>\n<h4><span style=\"text-decoration: underline\">University of Grenoble &#8211; Intensive French Language Program<\/span><\/h4>\n<p>This program is designed for students who wish to begin, improve or perfect their knowledge of the French language. Five levels of French are available from beginner through superior.<\/p>\n<p>The aim of the intensive French language course is to develop both written and oral expression, and comprehension by working on grammar and vocabulary while also learning about aspects of French life and culture. Professors provide a wide range of authentic and varied language activities based on newspapers, advertisements, texts from well-known authors and local and national media and films.<\/p>\n<p>Your language level is determined by a placement test after arrival in Grenoble. Classes meet Monday to Friday for 4 hours per day for up to 240 contact hours per semester and a recommended 15 or 16 credits.<\/p>\n<p>An additional program, the Dipl\u00f4me Superieur d\u2019Aptitude \u00e0 l\u2019enseignement du Fran\u00e7ais Langue \u00c9trang\u00e8re (Diploma of Ability to Teach French as Foreign Language) is designed for advanced level French or above students who are considering a career as a French teacher. This is available in the spring only.<\/p>\n<p>Non-credit wine appreciation and cooking courses are also available for an additional fee on both programs.<\/p>\n<p><em>Information Via the AIFS Grenoble Website<\/em><\/p>\n<h4>Housing and Meals<\/h4>\n<p>While in Grenoble, all SMCM students will be living in a homestay with a local French family. \u00a0For many students, the homestay experience will be the most rewarding part of your time abroad. \u00a0It is the best way to learn French, gain a unique and personal insight into French culture and integrate into the local community. \u00a0All families are carefully chosen and are required to meet high standards in order to be a part of the homestay program. \u00a0All students will be given their own key so they can come and go as they choose.<\/p>\n<p>Living with a French family, you will truly get a taste of the local flavor. \u00a0Breakfast and dinner are provided daily with your family and lunch can be purchased at several cafeterias on the University campus.<\/p>\n<h4>Student Life<\/h4>\n<p>As part of the Grenoble program, SMCM students have several options for social and cultural activities and excursions and all students are provided with a travel pass for use on Grenoble\u2019s bus and tram system for the duration of their time in Grenoble.<\/p>\n<p>Included in the program are 3 days in Provence and 4 days in Paris, as well as optional 2-day excursions to Burgundy and an Alpine spa weekend. \u00a0The AIFS staff also organizes tours of Grenoble and Bastille, wine tastings and hiking in the mountains, along with a calendar of weekly activities. \u00a0Typical activities may include visits to the Mus\u00e9e de Grenoble, the Chartreuse monastery, Ch\u00e2teau de Vizille, and day trips to Lyon and Annecy.<\/p>\n<p>For skiers, Grenoble is the French capital of winter sports and was the home of the 1968 Winter Olympics and downhill skiing is available just 45 minutes from the center of town. \u00a0Students who have never skied before may take lessons and equipment may be rented easily and inexpensively.<\/p>\n<p>For students interested in volunteering, the on-site AIFS staff can help you arrange local volunteer opportunities such as assisting students with English conversation practice in a primary or high school, helping in a library and working with local charities. \u00a0Students can volunteer 4 hours per week at the Grenoble American Corner. \u00a0The American Corner is sponsored jointly by the U.S. Embassy and a host country organization. The fundamental function of the American Corner is to make information about the U.S. available to people in foreign countries through multimedia, conferences, reading rooms and contact with U.S. citizens.<\/p>\n<h4>Important Links<\/h4>\n<ul>\n<li style=\"list-style-type: none\">\n<ul>\n<li><a href=\"https:\/\/www.aifsabroad.com\/academics\/study-abroad-grenoble-semester-2\/?session=29299\" target=\"_blank\" rel=\"noopener\">SMCM-AIFS in Grenoble (French Language and Culture) Courses<\/a><\/li>\n<li><a href=\"https:\/\/www.aifsabroad.com\/academics\/study-abroad-grenoble-semester-2\/?session=29301\" target=\"_blank\" rel=\"noopener\">SMCM-AIFS in Grenoble (Intensive French Language) Courses<\/a><\/li>\n<\/ul>\n<\/li>\n<\/ul>\n<p>&nbsp;<\/p>\n<h4>Faculty Liaison<\/h4>\n<p><a href=\"https:\/\/www.smcm.edu\/directory\/faculty-profile\/laine-doggett\/\" target=\"_blank\" rel=\"noopener\">Dr. Laine Doggett<\/a> &#8211; <a href=\"mailto:ledoggett@smcm.edu\" rel=\"noreferrer\">ledoggett@smcm.edu<\/a><\/p>\n<h4><a title=\"Transfer Credit Policy\" href=\"https:\/\/www.smcm.edu\/ie\/ways-to-study-abroad\/transfer-credit-policy\/\" target=\"_blank\" rel=\"noopener\">Transfer Credit Policy<\/a><\/h4>\n<p><span data-sheets-root=\"1\">See the following for how grades and credits are translated back to SMCM. Note: grade equivalencies between U.S. and international institutions are subject to change without notice. the equivalencies provided here are understand to be accurate and up to date as of September 2024.<\/span><\/p>\n<table dir=\"ltr\" border=\"1\" cellspacing=\"0\" cellpadding=\"0\" data-sheets-root=\"1\" data-sheets-baot=\"1\">\n<colgroup>\n<col width=\"168\" \/>\n<col width=\"191\" \/>\n<col width=\"203\" \/>\n<col width=\"176\" \/><\/colgroup>\n<tbody>\n<tr>\n<td colspan=\"4\" rowspan=\"1\">AIFS Grenoble, France<\/td>\n<\/tr>\n<tr>\n<td colspan=\"4\" rowspan=\"1\">Grading System<\/td>\n<\/tr>\n<tr>\n<td>EECTS Grade<\/td>\n<td>EU Grade<\/td>\n<td>US Grade<\/td>\n<td>US Grade Point<\/td>\n<\/tr>\n<tr>\n<td>A<\/td>\n<td>9.5-10<\/td>\n<td>A+<\/td>\n<td>4<\/td>\n<\/tr>\n<tr>\n<td>A<\/td>\n<td>8.5-9<\/td>\n<td>A+<\/td>\n<td>4<\/td>\n<\/tr>\n<tr>\n<td>B<\/td>\n<td>7.5-8<\/td>\n<td>B+<\/td>\n<td>3.5<\/td>\n<\/tr>\n<tr>\n<td>C<\/td>\n<td>7<\/td>\n<td>B<\/td>\n<td>3<\/td>\n<\/tr>\n<tr>\n<td>C<\/td>\n<td>6.5<\/td>\n<td>C+<\/td>\n<td>2.5<\/td>\n<\/tr>\n<tr>\n<td>D\/E<\/td>\n<td>6<\/td>\n<td>C<\/td>\n<td>2<\/td>\n<\/tr>\n<tr>\n<td>FX<\/td>\n<td>5.5<\/td>\n<td>D<\/td>\n<td>1<\/td>\n<\/tr>\n<tr>\n<td>FX<\/td>\n<td>5<\/td>\n<td>F<\/td>\n<td>0<\/td>\n<\/tr>\n<tr>\n<td>F<\/td>\n<td>&lt;5<\/td>\n<td>F<\/td>\n<td>0<\/td>\n<\/tr>\n<tr>\n<td colspan=\"4\" rowspan=\"1\">Credit Conversion<\/td>\n<\/tr>\n<tr>\n<td colspan=\"4\" rowspan=\"1\">AIFS provides a recommendation for how many US credits a course will be on their website.<br \/>\nGrenoble issues credits in the ECTS system, and 2 ECTS credits will be issued as 1 SMCM credit.<\/td>\n<\/tr>\n<\/tbody>\n<\/table>\n<h4><a title=\"Academic and Judicial Policies\" href=\"https:\/\/www.smcm.edu\/ie\/ways-to-study-abroad\/academic-and-judicial-policies\/\" target=\"_blank\" rel=\"noopener\">Academic and Judicial Policies<\/a><\/h4>\n<p>The academic and judicial requirements for any student considering studying abroad.<\/p>\n<h4><a title=\"Financial Aid, Scholarships &amp; Fundraising\" href=\"https:\/\/www.smcm.edu\/ie\/financial-aid-scholarships\/\" target=\"_blank\" rel=\"noopener\">Financial Aid and Scholarships<\/a><\/h4>\n<p>How financial aid will apply towards your study abroad program and what scholarships are available.<\/p>\n<h4><a title=\"Payments and Services\" href=\"https:\/\/www.smcm.edu\/ie\/travel-preparation\/payments-and-services\/\" target=\"_blank\" rel=\"noopener\">Payments and Services<\/a><\/h4>\n<p>Payment processes for semester-long, short-term, and non-SMCM study abroad programs.<\/p>\n","protected":false},"excerpt":{"rendered":"<p>Pre-Requisites Minimum GPA: 2.5 Foreign Language: 2 semesters of French with a \u201cB\u201d average or 4 semesters of French with a \u201cB\u201d average Approval of SMCM French Language Faculty Judicial Check Academic Conduct Check Deadlines: OPEN NOW! Spring 2027 Estimated Program Dates: Early January to Late April SMCM Application Deadline: October 1st for Scholarship Consideration,<a class=\"tribe-events-read-more\" href=\"https:\/\/www.smcm.edu\/ie\/study-abroad\/programs\/europe\/smcm-aifs-in-grenoble-france\/\" rel=\"bookmark\" > Find out more &raquo;<\/a><\/p>\n","protected":false},"author":187,"featured_media":192,"parent":375,"menu_order":0,"comment_status":"closed","ping_status":"closed","template":"","meta":{"_acf_changed":false,"_genesis_hide_title":false,"_genesis_hide_breadcrumbs":false,"_genesis_hide_singular_image":false,"_genesis_hide_footer_widgets":false,"_genesis_custom_body_class":"","_genesis_custom_post_class":"","_genesis_layout":"","jetpack_post_was_ever_published":false,"footnotes":""},"class_list":{"0":"post-164","1":"page","2":"type-page","3":"status-publish","4":"has-post-thumbnail","6":"entry"},"acf":[],"jetpack_sharing_enabled":true,"_links":{"self":[{"href":"https:\/\/www.smcm.edu\/ie\/wp-json\/wp\/v2\/pages\/164","targetHints":{"allow":["GET"]}}],"collection":[{"href":"https:\/\/www.smcm.edu\/ie\/wp-json\/wp\/v2\/pages"}],"about":[{"href":"https:\/\/www.smcm.edu\/ie\/wp-json\/wp\/v2\/types\/page"}],"author":[{"embeddable":true,"href":"https:\/\/www.smcm.edu\/ie\/wp-json\/wp\/v2\/users\/187"}],"replies":[{"embeddable":true,"href":"https:\/\/www.smcm.edu\/ie\/wp-json\/wp\/v2\/comments?post=164"}],"version-history":[{"count":9,"href":"https:\/\/www.smcm.edu\/ie\/wp-json\/wp\/v2\/pages\/164\/revisions"}],"predecessor-version":[{"id":2296,"href":"https:\/\/www.smcm.edu\/ie\/wp-json\/wp\/v2\/pages\/164\/revisions\/2296"}],"up":[{"embeddable":true,"href":"https:\/\/www.smcm.edu\/ie\/wp-json\/wp\/v2\/pages\/375"}],"wp:featuredmedia":[{"embeddable":true,"href":"https:\/\/www.smcm.edu\/ie\/wp-json\/wp\/v2\/media\/192"}],"wp:attachment":[{"href":"https:\/\/www.smcm.edu\/ie\/wp-json\/wp\/v2\/media?parent=164"}],"curies":[{"name":"wp","href":"https:\/\/api.w.org\/{rel}","templated":true}]}}